{"id":2502,"date":"2020-12-11T18:32:29","date_gmt":"2020-12-11T17:32:29","guid":{"rendered":"http:\/\/eitii.uniag.sk\/?page_id=2502"},"modified":"2021-02-10T12:50:16","modified_gmt":"2021-02-10T11:50:16","slug":"news-and-events","status":"publish","type":"page","link":"https:\/\/eitii.uniag.sk\/sk\/news-and-events\/","title":{"rendered":"Aktuality a podujatia"},"content":{"rendered":"<div data-elementor-type=\"wp-page\" data-elementor-id=\"2502\" class=\"elementor elementor-2502\" data-elementor-settings=\"[]\">\n\t\t\t\t\t\t<div class=\"elementor-inner\">\n\t\t\t\t\t\t\t<div class=\"elementor-section-wrap\">\n\t\t\t\t\t\t\t<section class=\"elementor-section elementor-top-section elementor-element elementor-element-2e2c1d9 elementor-section-height-full elementor-section-items-top elementor-section-boxed elementor-section-height-default\" data-id=\"2e2c1d9\" data-element_type=\"section\">\n\t\t\t\t\t\t<div class=\"elementor-container elementor-column-gap-default\">\n\t\t\t\t\t\t\t<div class=\"elementor-row\">\n\t\t\t\t\t<div class=\"elementor-column elementor-col-66 elementor-top-column elementor-element elementor-element-0beeca9\" data-id=\"0beeca9\" data-element_type=\"column\">\n\t\t\t<div class=\"elementor-column-wrap elementor-element-populated\">\n\t\t\t\t\t\t\t<div class=\"elementor-widget-wrap\">\n\t\t\t\t\t\t<div class=\"elementor-element elementor-element-848114d elementor-widget elementor-widget-heading\" data-id=\"848114d\" data-element_type=\"widget\" data-widget_type=\"heading.default\">\n\t\t\t\t<div class=\"elementor-widget-container\">\n\t\t\t<h2 class=\"elementor-heading-title elementor-size-default\">Aktuality<\/h2>\t\t<\/div>\n\t\t\t\t<\/div>\n\t\t\t\t<div class=\"elementor-element elementor-element-b601415 elementor-widget elementor-widget-the7_elements\" data-id=\"b601415\" data-element_type=\"widget\" data-widget_type=\"the7_elements.default\">\n\t\t\t\t<div class=\"elementor-widget-container\">\n\t\t\t<div  class=\"portfolio-shortcode the7-elementor-widget the7_elements-b601415 mode-grid dt-css-grid-wrap gradient-overlap-layout-list description-under-image quick-scale-img content-bg-on enable-bg-rollover resize-by-browser-width loading-effect-none\"  data-padding=\"15px\" data-cur-page=\"1\" data-post-limit=\"-1\" data-pagination-mode=\"standard\" data-mobile-columns-num=\"1\" data-tablet-columns-num=\"2\" data-desktop-columns-num=\"1\" data-wide-desktop-columns-num=\"2\"><div class=\"dt-css-grid custom-pagination-handler\"><div class=\"visible wf-cell\" data-post-id=\"2618\" data-date=\"2021-02-15T11:15:37+01:00\" data-name=\"Support for innovation and entrepreneurship culture at SUA in Nitra\"><article class=\"post visible post-2618 type-post status-publish format-standard has-post-thumbnail hentry category-news category-16 description-off\" data-name=\"Support for innovation and entrepreneurship culture at SUA in Nitra\" data-date=\"2021-02-15T11:15:37+01:00\">\n\n\t<div class=\"post-thumbnail-wrap rollover-active\">\n\t\t<div class=\"post-thumbnail\">\n\n\t\t\t<a href=\"https:\/\/eitii.uniag.sk\/sk\/2021\/02\/15\/support-for-innovation-and-entrepreneurship-culture-at-sua-in-nitra\/\" class=\"post-thumbnail-rollover layzr-bg\" target=\"\"  aria-label=\"Post image\"><img loading=\"lazy\" class=\"preload-me lazy-load\" src=\"data:image\/svg+xml,%3Csvg%20xmlns%3D&#39;http%3A%2F%2Fwww.w3.org%2F2000%2Fsvg&#39;%20viewBox%3D&#39;0%200%20972%20486&#39;%2F%3E\" data-src=\"https:\/\/eitii.uniag.sk\/wp-content\/uploads\/2020\/12\/94881348_2943375232397671_1209188767345147904_o-972x486.jpg\" data-srcset=\"https:\/\/eitii.uniag.sk\/wp-content\/uploads\/2020\/12\/94881348_2943375232397671_1209188767345147904_o-972x486.jpg 972w, https:\/\/eitii.uniag.sk\/wp-content\/uploads\/2020\/12\/94881348_2943375232397671_1209188767345147904_o-973x486.jpg 973w\" alt=\"\" title=\"94881348_2943375232397671_1209188767345147904_o\" width=\"972\" height=\"486\"  \/><\/a><div class=\"project-links-container\"><a href=\"https:\/\/eitii.uniag.sk\/sk\/2021\/02\/15\/support-for-innovation-and-entrepreneurship-culture-at-sua-in-nitra\/\" class=\"project-details\" aria-label=\"Details link\"><span aria-hidden=\"true\" class=\"icomoon-the7-font-the7-plus-02\"><\/span><\/a><\/div>\n\t\t<\/div>\n\t<\/div>\n\n\n<div class=\"post-entry-content\">\n\n\t<h3 class=\"entry-title h4-size\"><a href=\"https:\/\/eitii.uniag.sk\/sk\/2021\/02\/15\/support-for-innovation-and-entrepreneurship-culture-at-sua-in-nitra\/\" title=\"Podpora inova\u010dnej a podnikate\u013eskej kult\u00fary SPU v Nitre\" rel=\"bookmark\">Podpora inova\u010dnej a podnikate\u013eskej kult\u00fary SPU v Nitre<\/a><\/h3><div class=\"entry-meta\"><a class=\"meta-item author vcard\" href=\"https:\/\/eitii.uniag.sk\/sk\/author\/filip\/\" title=\"View all posts by filip\" rel=\"author external\">By <span class=\"fn\">filip<\/span><\/a><a href=\"https:\/\/eitii.uniag.sk\/sk\/2021\/02\/15\/\" title=\"11:15\" class=\"meta-item data-link\" rel=\"bookmark\"><time class=\"entry-date updated\" datetime=\"2021-02-15T11:15:37+01:00\">15. febru\u00e1ra 2021<\/time><\/a><\/div><div class=\"entry-excerpt\"><p>PDF<\/p>\n<\/div>\n<a class=\"post-details details-type-btn dt-btn-s dt-btn\" href=\"https:\/\/eitii.uniag.sk\/sk\/2021\/02\/15\/support-for-innovation-and-entrepreneurship-culture-at-sua-in-nitra\/\" aria-label=\"Read more about Support for innovation and entrepreneurship culture at SUA in Nitra\" rel=\"nofollow\"><span><\/span><i aria-hidden=\"true\" class=\"dt-icon-the7-arrow-552\"><\/i><\/a>\n<\/div><\/article><\/div><div class=\"visible wf-cell\" data-post-id=\"2603\" data-date=\"2021-02-10T12:41:24+01:00\" data-name=\"Cross-KIC RIS University Based Incubation Seminar Series\"><article class=\"post visible post-2603 type-post status-publish format-standard has-post-thumbnail hentry category-news category-16 description-off\" data-name=\"Cross-KIC RIS University Based Incubation Seminar Series\" data-date=\"2021-02-10T12:41:24+01:00\">\n\n\t<div class=\"post-thumbnail-wrap rollover-active\">\n\t\t<div class=\"post-thumbnail\">\n\n\t\t\t<a href=\"https:\/\/eitii.uniag.sk\/sk\/2021\/02\/10\/cross-kic-ris-university-based-incubation-seminar-series-team-experience-in-online-environment-2020\/\" class=\"post-thumbnail-rollover layzr-bg\" target=\"\"  aria-label=\"Post image\"><img loading=\"lazy\" class=\"preload-me lazy-load\" src=\"data:image\/svg+xml,%3Csvg%20xmlns%3D&#39;http%3A%2F%2Fwww.w3.org%2F2000%2Fsvg&#39;%20viewBox%3D&#39;0%200%20710%20354&#39;%2F%3E\" data-src=\"https:\/\/eitii.uniag.sk\/wp-content\/uploads\/2021\/02\/obr\u00e1zok_2021-02-10_124115-710x354.png\" data-srcset=\"https:\/\/eitii.uniag.sk\/wp-content\/uploads\/2021\/02\/obr\u00e1zok_2021-02-10_124115-710x354.png 710w\" alt=\"\" title=\"obr\u00e1zok_2021-02-10_124115\" width=\"710\" height=\"354\"  \/><\/a><div class=\"project-links-container\"><a href=\"https:\/\/eitii.uniag.sk\/sk\/2021\/02\/10\/cross-kic-ris-university-based-incubation-seminar-series-team-experience-in-online-environment-2020\/\" class=\"project-details\" aria-label=\"Details link\"><span aria-hidden=\"true\" class=\"icomoon-the7-font-the7-plus-02\"><\/span><\/a><\/div>\n\t\t<\/div>\n\t<\/div>\n\n\n<div class=\"post-entry-content\">\n\n\t<h3 class=\"entry-title h4-size\"><a href=\"https:\/\/eitii.uniag.sk\/sk\/2021\/02\/10\/cross-kic-ris-university-based-incubation-seminar-series-team-experience-in-online-environment-2020\/\" title=\"Cross-KIC RIS S\u00e9ria semin\u00e1rov o univerzitn\u00fdch inova\u010dn\u00fdch inkub\u00e1toroch\" rel=\"bookmark\">Cross-KIC RIS S\u00e9ria semin\u00e1rov o univerzitn\u00fdch inova\u010dn\u00fdch inkub\u00e1toroch<\/a><\/h3><div class=\"entry-meta\"><a class=\"meta-item author vcard\" href=\"https:\/\/eitii.uniag.sk\/sk\/author\/filip\/\" title=\"View all posts by filip\" rel=\"author external\">By <span class=\"fn\">filip<\/span><\/a><a href=\"https:\/\/eitii.uniag.sk\/sk\/2021\/02\/10\/\" title=\"12:41\" class=\"meta-item data-link\" rel=\"bookmark\"><time class=\"entry-date updated\" datetime=\"2021-02-10T12:41:24+01:00\">10. febru\u00e1ra 2021<\/time><\/a><\/div><div class=\"entry-excerpt\"><p>Sk\u00fasenosti z online prostredia v roku 2020<\/p>\n<\/div>\n<a class=\"post-details details-type-btn dt-btn-s dt-btn\" href=\"https:\/\/eitii.uniag.sk\/sk\/2021\/02\/10\/cross-kic-ris-university-based-incubation-seminar-series-team-experience-in-online-environment-2020\/\" aria-label=\"Read more about Cross-KIC RIS University Based Incubation Seminar Series\" rel=\"nofollow\"><span><\/span><i aria-hidden=\"true\" class=\"dt-icon-the7-arrow-552\"><\/i><\/a>\n<\/div><\/article><\/div><\/div><!-- iso-container|iso-grid --><\/div>\t\t<\/div>\n\t\t\t\t<\/div>\n\t\t\t\t\t\t<\/div>\n\t\t\t\t\t<\/div>\n\t\t<\/div>\n\t\t\t\t<div class=\"elementor-column elementor-col-33 elementor-top-column elementor-element elementor-element-6788048\" data-id=\"6788048\" data-element_type=\"column\">\n\t\t\t<div class=\"elementor-column-wrap elementor-element-populated\">\n\t\t\t\t\t\t\t<div class=\"elementor-widget-wrap\">\n\t\t\t\t\t\t<div class=\"elementor-element elementor-element-c47f40e elementor-widget elementor-widget-heading\" data-id=\"c47f40e\" data-element_type=\"widget\" data-widget_type=\"heading.default\">\n\t\t\t\t<div class=\"elementor-widget-container\">\n\t\t\t<h2 class=\"elementor-heading-title elementor-size-default\">Podujatia<\/h2>\t\t<\/div>\n\t\t\t\t<\/div>\n\t\t\t\t<div class=\"elementor-element elementor-element-a0c45e5 elementor-widget elementor-widget-the7_elements\" data-id=\"a0c45e5\" data-element_type=\"widget\" data-widget_type=\"the7_elements.default\">\n\t\t\t\t<div class=\"elementor-widget-container\">\n\t\t\t<div  class=\"portfolio-shortcode the7-elementor-widget the7_elements-a0c45e5 mode-grid dt-css-grid-wrap gradient-overlap-layout-list description-under-image quick-scale-img content-bg-on enable-bg-rollover resize-by-browser-width loading-effect-helix\"  data-padding=\"15px\" data-cur-page=\"1\" data-post-limit=\"-1\" data-pagination-mode=\"standard\" data-mobile-columns-num=\"1\" data-tablet-columns-num=\"2\" data-desktop-columns-num=\"1\" data-wide-desktop-columns-num=\"1\"><div class=\"dt-css-grid custom-pagination-handler\"><div class=\"visible wf-cell\" data-post-id=\"2652\" data-date=\"2021-11-10T16:18:54+01:00\" data-name=\"CROSS-KIC-RIS Innovation Incubator workshops\"><article class=\"post visible post-2652 type-post status-publish format-standard has-post-thumbnail hentry category-events category-17 description-off\" data-name=\"CROSS-KIC-RIS Innovation Incubator workshops\" data-date=\"2021-11-10T16:18:54+01:00\">\n\n\t<div class=\"post-thumbnail-wrap rollover-active\">\n\t\t<div class=\"post-thumbnail\">\n\n\t\t\t<a href=\"https:\/\/eitii.uniag.sk\/sk\/2021\/11\/10\/cross-kic-ris-innovation-incubator-workshops\/\" class=\"post-thumbnail-rollover layzr-bg\" target=\"\"  aria-label=\"Post image\"><img loading=\"lazy\" class=\"preload-me lazy-load\" src=\"data:image\/svg+xml,%3Csvg%20xmlns%3D&#39;http%3A%2F%2Fwww.w3.org%2F2000%2Fsvg&#39;%20viewBox%3D&#39;0%200%20640%20319&#39;%2F%3E\" data-src=\"https:\/\/eitii.uniag.sk\/wp-content\/uploads\/2021\/11\/pexels-canva-studio-3153198-640x319.jpg\" data-srcset=\"https:\/\/eitii.uniag.sk\/wp-content\/uploads\/2021\/11\/pexels-canva-studio-3153198-640x319.jpg 640w\" alt=\"\" title=\"pexels-canva-studio-3153198\" width=\"640\" height=\"319\"  \/><\/a><div class=\"project-links-container\"><a href=\"https:\/\/eitii.uniag.sk\/sk\/2021\/11\/10\/cross-kic-ris-innovation-incubator-workshops\/\" class=\"project-details\" aria-label=\"Details link\"><span aria-hidden=\"true\" class=\"icomoon-the7-font-the7-plus-02\"><\/span><\/a><\/div>\n\t\t<\/div>\n\t<\/div>\n\n\n<div class=\"post-entry-content\">\n\n\t<h3 class=\"entry-title h4-size\"><a href=\"https:\/\/eitii.uniag.sk\/sk\/2021\/11\/10\/cross-kic-ris-innovation-incubator-workshops\/\" title=\"CROSS-KIC-RIS Innovation Incubator workshops\" rel=\"bookmark\">CROSS-KIC-RIS Innovation Incubator workshops<\/a><\/h3><div class=\"entry-meta\"><\/div><div class=\"entry-excerpt\"><p> We kindly invite you to CROSS-KIC-RIS Innovation Incubator workshops<\/p>\n<\/div>\n<a class=\"post-details details-type-btn dt-btn-s dt-btn\" href=\"https:\/\/eitii.uniag.sk\/sk\/2021\/11\/10\/cross-kic-ris-innovation-incubator-workshops\/\" aria-label=\"Read more about CROSS-KIC-RIS Innovation Incubator workshops\" rel=\"nofollow\"><span><\/span><i aria-hidden=\"true\" class=\"dt-icon-the7-arrow-552\"><\/i><\/a>\n<\/div><\/article><\/div><\/div><!-- iso-container|iso-grid --><\/div>\t\t<\/div>\n\t\t\t\t<\/div>\n\t\t\t\t\t\t<\/div>\n\t\t\t\t\t<\/div>\n\t\t<\/div>\n\t\t\t\t\t\t\t\t<\/div>\n\t\t\t\t\t<\/div>\n\t\t<\/section>\n\t\t\t\t\t\t<\/div>\n\t\t\t\t\t\t<\/div>\n\t\t\t\t\t<\/div>","protected":false},"excerpt":{"rendered":"<p>News Cross-KIC RIS University Based Incubation Seminar Series By filip10. February 2021 Team experience in online environment 2020 Events Participatory workshops 16.12.2020 18.12.2020<\/p>","protected":false},"author":1,"featured_media":0,"parent":0,"menu_order":0,"comment_status":"closed","ping_status":"closed","template":"","meta":[],"_links":{"self":[{"href":"https:\/\/eitii.uniag.sk\/sk\/wp-json\/wp\/v2\/pages\/2502"}],"collection":[{"href":"https:\/\/eitii.uniag.sk\/sk\/wp-json\/wp\/v2\/pages"}],"about":[{"href":"https:\/\/eitii.uniag.sk\/sk\/wp-json\/wp\/v2\/types\/page"}],"author":[{"embeddable":true,"href":"https:\/\/eitii.uniag.sk\/sk\/wp-json\/wp\/v2\/users\/1"}],"replies":[{"embeddable":true,"href":"https:\/\/eitii.uniag.sk\/sk\/wp-json\/wp\/v2\/comments?post=2502"}],"version-history":[{"count":39,"href":"https:\/\/eitii.uniag.sk\/sk\/wp-json\/wp\/v2\/pages\/2502\/revisions"}],"predecessor-version":[{"id":2617,"href":"https:\/\/eitii.uniag.sk\/sk\/wp-json\/wp\/v2\/pages\/2502\/revisions\/2617"}],"wp:attachment":[{"href":"https:\/\/eitii.uniag.sk\/sk\/wp-json\/wp\/v2\/media?parent=2502"}],"curies":[{"name":"wp","href":"https:\/\/api.w.org\/{rel}","templated":true}]}}