{"id":2441,"date":"2020-12-10T21:46:02","date_gmt":"2020-12-10T20:46:02","guid":{"rendered":"http:\/\/eitii.uniag.sk\/?page_id=2441"},"modified":"2020-12-11T17:28:38","modified_gmt":"2020-12-11T16:28:38","slug":"dictionary","status":"publish","type":"page","link":"https:\/\/eitii.uniag.sk\/sk\/dictionary\/","title":{"rendered":"Z\u00e1kladn\u00e9 pojmy"},"content":{"rendered":"<div data-elementor-type=\"wp-page\" data-elementor-id=\"2441\" class=\"elementor elementor-2441\" data-elementor-settings=\"[]\">\n\t\t\t\t\t\t<div class=\"elementor-inner\">\n\t\t\t\t\t\t\t<div class=\"elementor-section-wrap\">\n\t\t\t\t\t\t\t<section class=\"elementor-section elementor-top-section elementor-element elementor-element-7857c7b elementor-section-boxed elementor-section-height-default elementor-section-height-default\" data-id=\"7857c7b\" data-element_type=\"section\">\n\t\t\t\t\t\t<div class=\"elementor-container elementor-column-gap-default\">\n\t\t\t\t\t\t\t<div class=\"elementor-row\">\n\t\t\t\t\t<div class=\"elementor-column elementor-col-100 elementor-top-column elementor-element elementor-element-b76536d\" data-id=\"b76536d\" data-element_type=\"column\">\n\t\t\t<div class=\"elementor-column-wrap elementor-element-populated\">\n\t\t\t\t\t\t\t<div class=\"elementor-widget-wrap\">\n\t\t\t\t\t\t\t\t<\/div>\n\t\t\t\t\t<\/div>\n\t\t<\/div>\n\t\t\t\t\t\t\t\t<\/div>\n\t\t\t\t\t<\/div>\n\t\t<\/section>\n\t\t\t\t<section class=\"elementor-section elementor-top-section elementor-element elementor-element-a452d7b elementor-section-boxed elementor-section-height-default elementor-section-height-default\" data-id=\"a452d7b\" data-element_type=\"section\">\n\t\t\t\t\t\t<div class=\"elementor-container elementor-column-gap-default\">\n\t\t\t\t\t\t\t<div class=\"elementor-row\">\n\t\t\t\t\t<div class=\"elementor-column elementor-col-100 elementor-top-column elementor-element elementor-element-d129510\" data-id=\"d129510\" data-element_type=\"column\">\n\t\t\t<div class=\"elementor-column-wrap elementor-element-populated\">\n\t\t\t\t\t\t\t<div class=\"elementor-widget-wrap\">\n\t\t\t\t\t\t<div class=\"elementor-element elementor-element-9a911f7 elementor-widget elementor-widget-text-editor\" data-id=\"9a911f7\" data-element_type=\"widget\" data-widget_type=\"text-editor.default\">\n\t\t\t\t<div class=\"elementor-widget-container\">\n\t\t\t\t\t<div class=\"elementor-text-editor elementor-clearfix\"><p><strong>A\/B Test<\/strong> \u2013 ke\u010f sa spolo\u010dnos\u0165 nevie rozhodn\u00fa\u0165 medzi 2 rie\u0161eniami, prenech\u00e1 rozhodnutie na u\u017e\u00edvate\u013ea<\/p><p><strong>Accelerator vs. Incubator<\/strong> - ur\u00fdch\u013eova\u010d; 3-4 mesiace trvaj\u00faci program, v ktor\u00fdch maj\u00fa zakladatelia pr\u00edstup k finan\u010dnej podpore, t\u00edmu mentorov a spolo\u010dn\u00fdm priestorom. Inkub\u00e1tor je zameran\u00fd sk\u00f4r na priestory, ako programy. Kancel\u00e1rske priestory maj\u00fa podnikate\u013esk\u00e9ho ducha so z\u00e1merom na vn\u00fatorn\u00e9 my\u0161lienky<\/p><p><strong>Angel Investor<\/strong> \u2013 investor, ktor\u00fd je ochotn\u00fd vrazi\u0165 peniaze do startupu e\u0161te predt\u00fdm, ako sa startup ocitne v \u010diernych \u010d\u00edslach<\/p><p><strong>Business Model<\/strong> \u2013 sp\u00f4sob financovania, teda ak\u00fdm sp\u00f4sobom mieni startup z\u00edska\u0165 peniaze od u\u017e\u00edvate\u013eov (alebo niekoho in\u00e9ho)<\/p><p><strong>Business Plan<\/strong> \u2013 zdrap papiera, ktor\u00fd m\u00e1 investora presved\u010di\u0165, \u017ee investova\u0165 pr\u00e1ve do v\u00e1\u0161ho startupu je viac ne\u017e dobr\u00fd n\u00e1pad<\/p><p><strong>Black Numbers<\/strong> \u2013 bod zlomu, ktor\u00fd nastane vo chv\u00edli, kedy pr\u00edjmy prevy\u0161uj\u00fa v\u00fddavky<\/p><p><strong>Cash flow<\/strong> \u2013 je pohyb pe\u0148az\u00ed smerom do alebo z podnikania, projektu alebo produktu.  Meria sa po\u010das \u010dasovo obmedzenej doby.<\/p><p><strong>CEO<\/strong> - chief executive officer; v\u00fdkonn\u00fd riadite\u013e spolo\u010dnosti, ktor\u00fd m\u00e1 vo firme v\u0161etky pr\u00e1vomoci a kompetencie<\/p><p><strong>Collaboration<\/strong> \u2013 spolupr\u00e1ca; t\u00edmov\u00e1 pr\u00e1ca na v\u00fdvoji projektu spolo\u010dne, najm\u00e4 \u010do sa t\u00fdka intelektu\u00e1lneho \u00fasilia<\/p><p><strong>Disruptive<\/strong> - vytvorenie nov\u00e9ho inovat\u00edvneho trhu, ktor\u00e9 naru\u0161uje ten existuj\u00faci. Ak ho nedok\u00e1\u017eete rozbi\u0165, aj tak ho opravte<\/p><p><strong>Elevator pitch<\/strong> - r\u00fdchla prezent\u00e1cia, ktor\u00fa by ste v pr\u00edpade mali zvl\u00e1dnu\u0165 aj v pr\u00edpade jazdy v\u00fd\u0165ahom s potenci\u00e1lnym investorom<\/p><p><strong>Entrepreneur<\/strong> \u2013 podnikate\u013e; osoba rozbiehaj\u00faca podnikanie s rizikom straty za \u00fa\u010delom z\u00e1robku<\/p><p><strong>Gamification<\/strong> \u2013 integr\u00e1cia virtu\u00e1lnej reality konceptu hier do \u010dinnosti IRL (in real life)<\/p><p><strong>Growth Hacker<\/strong> \u2013 k\u00f3der, predajca, marketingov\u00fd \u0161pecialista v jednom; v n\u00e1zve obsahuje slovo \u201ehacker\u201c preto\u017ee sa nechce ozna\u010di\u0165 \u201enetechnick\u00fdm typom\u201c a prin\u00e1\u0161a v\u00fdsledky v\u00edrusovo r\u00fdchlo \u2013 sk\u00f4r m\u00fdtick\u00e1 postava<\/p><p><strong>Innovation<\/strong> \u2013 inov\u00e1cia alebo nov\u00fd n\u00e1pad, nie\u010do nov\u00e9 a s pridanou hodnotou<\/p><p><strong>Launch<\/strong> \u2013 spustenie produktu (pr\u00edp.aspo\u0148 verejn\u00e1 beta verzia)<\/p><p><strong>Minimal Viable Product<\/strong> \u2013 \u201eosekan\u00fd\u201c produkt, ktor\u00fd m\u00e1 zmysel launchova\u0165<\/p><p><strong>Non-GAAP Profitable<\/strong> - tvrdenie nerentabiln\u00fdch (neziskov\u00fdch) spolo\u010dnost\u00ed; predstava, \u017ee nepe\u0148a\u017en\u00e9 n\u00e1klady sa nepo\u010d\u00edtaj\u00fa<\/p><p><strong>Networking<\/strong> - tie\u017e \u201ethe best excuse for not working\u201c, zhroma\u017e\u010fovanie a zh\u00e1\u0148anie kontaktov na konferenci\u00e1ch (alebo niekde inde)<\/p><p><strong>One Sentence Pitch<\/strong> \u2013 prezent\u00e1cia cel\u00e9ho startupu v jednej vete<\/p><p><strong>OPM<\/strong> \u2013 other people\u00b4s money; cudzie peniaze s\u00fa neuverite\u013ene n\u00e1vykovou z\u00e1le\u017eitos\u0165ou, startupy d\u00fafaj\u00fa, \u017ee bud\u00fa dobru invest\u00edciu pr\u00e1ve do nich<br \/>Pitch \u2013 \u00fadern\u00e1 prezent\u00e1cia s cie\u013eom \u201epreda\u0165\u201c startup investorovi alebo verejnosti<\/p><p><strong>Pivot<\/strong> \u2013 ke\u010f si zdanlivo geni\u00e1lny startup uvedom\u00ed, \u017ee nie\u010do nie je v poriadku \u2013 m\u00e1 mo\u017enos\u0165 zmeni\u0165 svoje smerovanie aj po\u010das fungovania; pou\u010di\u0165 sa z feedbacku a n\u00e1js\u0165 nov\u00fd business plan a business model<\/p><p><strong>Scalability<\/strong> \u2013 syst\u00e9m alebo schopnos\u0165 zvl\u00e1dnu\u0165 rast v\u010das a vhodn\u00fdm sp\u00f4sobom; schopnos\u0165 udr\u017ea\u0165 n\u00edzke n\u00e1klady i pri vysokom z\u00e1ujme, pr\u00edpadne mo\u017enos\u0165 expandova\u0165 p\u00f4vodn\u00fd produkt v novom kontexte. Napr\u00edklad tak\u00fd Facebook je celkom dobre \u0161k\u00e1lovate\u013en\u00fd.<\/p><p><strong>SEO<\/strong> \u2013 search engine optimization; optimaliz\u00e1cia rob\u00ed v\u0161etko pre to, aby sa v\u00fdsledky h\u013eadania odkazuj\u00face na v\u00e1s udr\u017eali na vrchole vyh\u013ead\u00e1va\u010da<\/p><p><strong>Space<\/strong> \u2013 preto\u017ee je pr\u00edli\u0161 obtia\u017ene nazva\u0165 pole p\u00f4sobnosti a pracovnej \u010dinnosti t\u00fdm, \u010d\u00edm je, podnikatelia t\u00fdm odkazuj\u00fa na seba (a ich spolo\u010dnosti) ako na hr\u00e1\u010da v danom priestore<\/p><p><strong>Startup<\/strong> - vo v\u0161eobecnosti toto slovo ozna\u010duje mlad\u00fa spolo\u010dnos\u0165, ktor\u00e1 rozbieha nov\u00fd projekt, n\u00e1pad \u010di ideu vo forme nov\u00e9ho alebo inovat\u00edvneho v\u00fdrobku, slu\u017eby \u010di aplik\u00e1cie<\/p><p><strong>Unicorn<\/strong> - ve\u013emi vz\u00e1cny, talentovan\u00fd \u010dlovek s nieko\u013ek\u00fdmi zru\u010dnos\u0165ami, ktor\u00e9ho je ve\u013emi \u0165a\u017ek\u00e9 n\u00e1js\u0165<\/p><p><strong>Usability<\/strong> - ako je sympatick\u00fd, funk\u010dn\u00fd a u\u017e\u00edvate\u013esky pr\u00edjemn\u00fd produkt danej spolo\u010dnosti pou\u017eite\u013en\u00fd<\/p><p>Source: <a href=\"https:\/\/www.startupers.sk\/maly-velky-startup-slovnik\/\">Startupers.sk<\/a><\/p><\/div>\n\t\t\t\t<\/div>\n\t\t\t\t<\/div>\n\t\t\t\t\t\t<\/div>\n\t\t\t\t\t<\/div>\n\t\t<\/div>\n\t\t\t\t\t\t\t\t<\/div>\n\t\t\t\t\t<\/div>\n\t\t<\/section>\n\t\t\t\t\t\t<\/div>\n\t\t\t\t\t\t<\/div>\n\t\t\t\t\t<\/div>","protected":false},"excerpt":{"rendered":"<p>A\/B Test &#8211; when the company cannot decide between 2 solutions, it leaves the decision to the user Accelerator vs. Incubator &#8211; A 3-4 month program in which the founders have access to financial support, a team of mentors, and common areas. The incubator is focused on spaces rather than programs. Office spaces have an&hellip;<\/p>","protected":false},"author":1,"featured_media":0,"parent":0,"menu_order":0,"comment_status":"closed","ping_status":"closed","template":"","meta":[],"_links":{"self":[{"href":"https:\/\/eitii.uniag.sk\/sk\/wp-json\/wp\/v2\/pages\/2441"}],"collection":[{"href":"https:\/\/eitii.uniag.sk\/sk\/wp-json\/wp\/v2\/pages"}],"about":[{"href":"https:\/\/eitii.uniag.sk\/sk\/wp-json\/wp\/v2\/types\/page"}],"author":[{"embeddable":true,"href":"https:\/\/eitii.uniag.sk\/sk\/wp-json\/wp\/v2\/users\/1"}],"replies":[{"embeddable":true,"href":"https:\/\/eitii.uniag.sk\/sk\/wp-json\/wp\/v2\/comments?post=2441"}],"version-history":[{"count":25,"href":"https:\/\/eitii.uniag.sk\/sk\/wp-json\/wp\/v2\/pages\/2441\/revisions"}],"predecessor-version":[{"id":2485,"href":"https:\/\/eitii.uniag.sk\/sk\/wp-json\/wp\/v2\/pages\/2441\/revisions\/2485"}],"wp:attachment":[{"href":"https:\/\/eitii.uniag.sk\/sk\/wp-json\/wp\/v2\/media?parent=2441"}],"curies":[{"name":"wp","href":"https:\/\/api.w.org\/{rel}","templated":true}]}}