{"id":2395,"date":"2020-12-09T20:05:40","date_gmt":"2020-12-09T19:05:40","guid":{"rendered":"http:\/\/eitii.uniag.sk\/?page_id=2395"},"modified":"2020-12-11T17:13:59","modified_gmt":"2020-12-11T16:13:59","slug":"about-eit","status":"publish","type":"page","link":"https:\/\/eitii.uniag.sk\/sk\/about-eit\/","title":{"rendered":"O EIT"},"content":{"rendered":"<div data-elementor-type=\"wp-page\" data-elementor-id=\"2395\" class=\"elementor elementor-2395\" data-elementor-settings=\"[]\">\n\t\t\t\t\t\t<div class=\"elementor-inner\">\n\t\t\t\t\t\t\t<div class=\"elementor-section-wrap\">\n\t\t\t\t\t\t\t<section class=\"elementor-section elementor-top-section elementor-element elementor-element-5b136241 elementor-section-boxed elementor-section-height-default elementor-section-height-default\" data-id=\"5b136241\" data-element_type=\"section\">\n\t\t\t\t\t\t<div class=\"elementor-container elementor-column-gap-default\">\n\t\t\t\t\t\t\t<div class=\"elementor-row\">\n\t\t\t\t\t<div class=\"elementor-column elementor-col-100 elementor-top-column elementor-element elementor-element-14b86f2e\" data-id=\"14b86f2e\" data-element_type=\"column\">\n\t\t\t<div class=\"elementor-column-wrap elementor-element-populated\">\n\t\t\t\t\t\t\t<div class=\"elementor-widget-wrap\">\n\t\t\t\t\t\t<div class=\"elementor-element elementor-element-052496a elementor-widget elementor-widget-text-editor\" data-id=\"052496a\" data-element_type=\"widget\" data-widget_type=\"text-editor.default\">\n\t\t\t\t<div class=\"elementor-widget-container\">\n\t\t\t\t\t<div class=\"elementor-text-editor elementor-clearfix\"><p>Eur\u00f3psky inova\u010dn\u00fd a technologick\u00fd in\u0161tit\u00fat (EIT) je org\u00e1n E\u00da, ktor\u00fd Eur\u00f3pska \u00fania vytvorila v roku 2008, aby posilnila inova\u010dn\u00fa schopnos\u0165 Eur\u00f3py. In\u0161tit\u00fat EIT je neoddelite\u013enou s\u00fa\u010das\u0165ou r\u00e1mcov\u00e9ho programu pre v\u00fdskum a inov\u00e1cie Horizon 2020.<\/p>\n<p>In\u0161tit\u00fat je jedine\u010dnou iniciat\u00edvou E\u00da, ktor\u00e1 stimuluje inov\u00e1cie na celom \u00fazem\u00ed Eur\u00f3py t\u00fdm, \u017ee prep\u00e1ja podniky, vzdel\u00e1vanie a v\u00fdskum s cie\u013eom n\u00e1js\u0165 rie\u0161enie na naliehav\u00e9 glob\u00e1lne v\u00fdzvy.<\/p>\n<p>Podporujeme rozvoj dynamick\u00fdch dlhodob\u00fdch celoeur\u00f3pskych partnerstiev medzi popredn\u00fdmi spolo\u010dnos\u0165ami, v\u00fdskumn\u00fdmi laborat\u00f3riami a spolo\u010dnos\u0165ami. S\u00fa to tzv. inova\u010dn\u00e9 spolo\u010denstv\u00e1 a ka\u017ed\u00e9 z nich sa venuje h\u013eadaniu rie\u0161en\u00ed na konkr\u00e9tnu glob\u00e1lnu v\u00fdzvu, a to od zmeny kl\u00edmy a udr\u017eate\u013en\u00fdch zdrojov energie a\u017e po zdrav\u00fd \u017eivotn\u00fd \u0161t\u00fdl a zdrav\u00e9 potraviny.<\/p>\n<p>In\u0161tit\u00fat EIT, ktor\u00fd zdru\u017euje viac ako 1 000 partnerov, je najv\u00e4\u010d\u0161ou inova\u010dnou sie\u0165ou Eur\u00f3py a prep\u00e1ja tieto jednotliv\u00e9 body. Podporujeme inov\u00e1torov a podnikate\u013eov v celej Eur\u00f3pe, aby mohli svoje najlep\u0161ie n\u00e1pady transformova\u0165 na v\u00fdrobky, slu\u017eby, pracovn\u00e9 miesta a rast. Na splnenie poslania in\u0161tit\u00fatu EIT, ktor\u00fdm je vytv\u00e1ranie pracovn\u00fdch miest a zabezpe\u010dovanie pr\u00edle\u017eitost\u00ed na udr\u017eate\u013en\u00fd hospod\u00e1rsky rast Eur\u00f3py, je tento aspekt z\u00e1sadn\u00fd.<\/p>\n<p>Spolo\u010denstvo EIT spolo\u010dne s popredn\u00fdmi partnermi pon\u00faka \u0161irok\u00fa \u0161k\u00e1lu inova\u010dn\u00fdch a podnikate\u013esk\u00fdch \u010dinnost\u00ed: vzdel\u00e1vacie kurzy, ktor\u00e9 kombinuj\u00fa technick\u00e9 a podnikate\u013esk\u00e9 zru\u010dnosti, individualizovan\u00e9 slu\u017eby zakladania podnikov a akceler\u00e1cie a inova\u010dne orientovan\u00e9 v\u00fdskumn\u00e9 projekty. Na trh to prin\u00e1\u0161a nov\u00e9 n\u00e1pady a rie\u0161enia, men\u00ed \u0161tudentov na podnikate\u013eov a \u010do je najd\u00f4le\u017eitej\u0161ie, vedie to k inov\u00e1ci\u00e1m.<\/p><\/div>\n\t\t\t\t<\/div>\n\t\t\t\t<\/div>\n\t\t\t\t<div class=\"elementor-element elementor-element-63692a8 elementor-widget elementor-widget-heading\" data-id=\"63692a8\" data-element_type=\"widget\" data-widget_type=\"heading.default\">\n\t\t\t\t<div class=\"elementor-widget-container\">\n\t\t\t<h2 class=\"elementor-heading-title elementor-size-default\">Inova\u010dn\u00e9 komunity<\/h2>\t\t<\/div>\n\t\t\t\t<\/div>\n\t\t\t\t<div class=\"elementor-element elementor-element-162f8cf elementor-widget elementor-widget-text-editor\" data-id=\"162f8cf\" data-element_type=\"widget\" data-widget_type=\"text-editor.default\">\n\t\t\t\t<div class=\"elementor-widget-container\">\n\t\t\t\t\t<div class=\"elementor-text-editor elementor-clearfix\"><p>Znalostn\u00e9 a inova\u010dn\u00e9 spolo\u010denstv\u00e1 EIT s\u00fa dynamick\u00e9 a tvoriv\u00e9 partnerstv\u00e1, ktor\u00e9 vyu\u017e\u00edvaj\u00fa eur\u00f3pske inov\u00e1cie a podnikanie pri h\u013eadan\u00ed rie\u0161en\u00ed hlavn\u00fdch spolo\u010densk\u00fdch v\u00fdziev v oblastiach s ve\u013ek\u00fdm inova\u010dn\u00fdm potenci\u00e1lom - a pri vytv\u00e1ran\u00ed kvalitn\u00fdch pracovn\u00fdch miest a rastu. Od roku 2010 sme spustili osem inova\u010dn\u00fdch spolo\u010denstiev.<\/p>\n<p>Znalostn\u00e9 a inova\u010dn\u00e9 spolo\u010denstv\u00e1 vykon\u00e1vaj\u00fa \u010dinnosti, ktor\u00e9 pokr\u00fdvaj\u00fa cel\u00fd inova\u010dn\u00fd re\u0165azec: v\u00fdcvikov\u00e9 a vzdel\u00e1vacie programy, posilnenie cesty od v\u00fdskumu k trhu, inova\u010dn\u00e9 projekty, ako aj podnikate\u013esk\u00e9 inkub\u00e1tory a akceler\u00e1tory. \u00dalohou EIT je usmer\u0148ova\u0165 proces a stanovova\u0165 strat\u00e9gie, ale je na inova\u010dn\u00fdch spolo\u010denstv\u00e1ch, aby ich uskuto\u010dnili v praxi a poskytli v\u00fdsledky.<\/p>\n<p>The EIT\u2019s Knowledge and Innovation Communities are dynamic and creative partnerships that harness European innovation and entrepreneurship to find solutions to major societal challenges in areas with high innovation potential \u2013 and create quality jobs and growth. Since 2010, eight Innovation Communities have been created. They carry out activities that cover the entire innovation chain: training and education programmes, reinforcing the journey from research to the market, innovation projects, as well as business incubators and accelerators. The EIT\u2019s role is to guide the process and set the strategies, but it\u2019s up to the Innovation Communities to put these into practice and provide results. There are currently eight Innovation Communities and each focus on a different societal challenge:<\/p>\n<ul>\n<li>EIT Climate-KIC: Drivers of climate innovation in Europe and beyond<\/li>\n<li>EIT Digital: For a strong, digital Europe<\/li>\n<li>EIT Food: EIT Food connects businesses, research centres, universities and consumers.<\/li>\n<li>EIT Health: Together for healthy lives in Europe<\/li>\n<li>EIT InnoEnergy: Pioneering change in sustainable energy<\/li>\n<li>EIT Manufacturing: Strengthening and increasing the competitiveness of Europe&#8217;s manufacturing<\/li>\n<li>EIT RawMaterials: Developing raw materials into a major strength for Europe<\/li>\n<li>EIT Urban Mobility: Smart, green and integrated transport<\/li>\n<\/ul><\/div>\n\t\t\t\t<\/div>\n\t\t\t\t<\/div>\n\t\t\t\t<div class=\"elementor-element elementor-element-598ba767 elementor-widget elementor-widget-text-editor\" data-id=\"598ba767\" data-element_type=\"widget\" data-widget_type=\"text-editor.default\">\n\t\t\t\t<div class=\"elementor-widget-container\">\n\t\t\t\t\t<div class=\"elementor-text-editor elementor-clearfix\"><!-- wp:heading -->\n<h2><\/h2>\n<!-- \/wp:heading -->\n\n<!-- wp:paragraph -->\n<p><\/p>\n<!-- \/wp:paragraph --><\/div>\n\t\t\t\t<\/div>\n\t\t\t\t<\/div>\n\t\t\t\t\t\t<\/div>\n\t\t\t\t\t<\/div>\n\t\t<\/div>\n\t\t\t\t\t\t\t\t<\/div>\n\t\t\t\t\t<\/div>\n\t\t<\/section>\n\t\t\t\t<section class=\"elementor-section elementor-top-section elementor-element elementor-element-9762b38 elementor-section-boxed elementor-section-height-default elementor-section-height-default\" data-id=\"9762b38\" data-element_type=\"section\">\n\t\t\t\t\t\t<div class=\"elementor-container elementor-column-gap-default\">\n\t\t\t\t\t\t\t<div class=\"elementor-row\">\n\t\t\t\t\t<div class=\"elementor-column elementor-col-100 elementor-top-column elementor-element elementor-element-9fbaadd\" data-id=\"9fbaadd\" data-element_type=\"column\">\n\t\t\t<div class=\"elementor-column-wrap elementor-element-populated\">\n\t\t\t\t\t\t\t<div class=\"elementor-widget-wrap\">\n\t\t\t\t\t\t<div class=\"elementor-element elementor-element-d721d7b elementor-skin-carousel elementor-arrows-yes elementor-pagination-type-bullets elementor-pagination-position-outside elementor-widget elementor-widget-media-carousel\" data-id=\"d721d7b\" data-element_type=\"widget\" data-settings=\"{&quot;skin&quot;:&quot;carousel&quot;,&quot;effect&quot;:&quot;slide&quot;,&quot;show_arrows&quot;:&quot;yes&quot;,&quot;pagination&quot;:&quot;bullets&quot;,&quot;speed&quot;:500,&quot;autoplay&quot;:&quot;yes&quot;,&quot;autoplay_speed&quot;:5000,&quot;loop&quot;:&quot;yes&quot;,&quot;pause_on_hover&quot;:&quot;yes&quot;,&quot;pause_on_interaction&quot;:&quot;yes&quot;,&quot;space_between&quot;:{&quot;unit&quot;:&quot;px&quot;,&quot;size&quot;:10,&quot;sizes&quot;:[]},&quot;space_between_tablet&quot;:{&quot;unit&quot;:&quot;px&quot;,&quot;size&quot;:10,&quot;sizes&quot;:[]},&quot;space_between_mobile&quot;:{&quot;unit&quot;:&quot;px&quot;,&quot;size&quot;:10,&quot;sizes&quot;:[]}}\" data-widget_type=\"media-carousel.default\">\n\t\t\t\t<div class=\"elementor-widget-container\">\n\t\t\t\t\t<div class=\"elementor-swiper\">\n\t\t\t<div class=\"elementor-main-swiper swiper-container\">\n\t\t\t\t<div class=\"swiper-wrapper\">\n\t\t\t\t\t\t\t\t\t\t\t<div class=\"swiper-slide\">\n\t\t\t\t\t\t\t\t\t<div class=\"elementor-carousel-image\" style=\"background-image: url(https:\/\/eitii.uniag.sk\/wp-content\/uploads\/elementor\/thumbs\/eit_ris_colour_small-1-pc4q2fciwhrea78dab41i5xpmo3lmja6g1ybxtk9vk.jpg)\">\n\t\t\t\t\t<\/div>\n\t\t\t\t\t\t\t\t<\/div>\n\t\t\t\t\t\t\t\t\t\t\t<div class=\"swiper-slide\">\n\t\t\t\t\t\t\t\t\t<div class=\"elementor-carousel-image\" style=\"background-image: url(https:\/\/eitii.uniag.sk\/wp-content\/uploads\/elementor\/thumbs\/InnoEnergy_Logo_HR_Colour_H_01-1-1-pc4q2fciwhrea78dab41i5xpmo3lmja6g1ybxtk9vk.png)\">\n\t\t\t\t\t<\/div>\n\t\t\t\t\t\t\t\t<\/div>\n\t\t\t\t\t\t\t\t\t\t\t<div class=\"swiper-slide\">\n\t\t\t\t\t\t\t\t\t<div class=\"elementor-carousel-image\" style=\"background-image: url(https:\/\/eitii.uniag.sk\/wp-content\/uploads\/elementor\/thumbs\/Climate-KIC-pc4q2fciwhrea78dab41i5xpmo3lmja6g1ybxtk9vk.png)\">\n\t\t\t\t\t<\/div>\n\t\t\t\t\t\t\t\t<\/div>\n\t\t\t\t\t\t\t\t\t\t\t<div class=\"swiper-slide\">\n\t\t\t\t\t\t\t\t\t<div class=\"elementor-carousel-image\" style=\"background-image: url(https:\/\/eitii.uniag.sk\/wp-content\/uploads\/elementor\/thumbs\/EIT-Manufacturing-1-1-pc4q2fciwhrea78dab41i5xpmo3lmja6g1ybxtk9vk.png)\">\n\t\t\t\t\t<\/div>\n\t\t\t\t\t\t\t\t<\/div>\n\t\t\t\t\t\t\t\t\t\t\t<div class=\"swiper-slide\">\n\t\t\t\t\t\t\t\t\t<div class=\"elementor-carousel-image\" style=\"background-image: url(https:\/\/eitii.uniag.sk\/wp-content\/uploads\/elementor\/thumbs\/landscape_blue-on-white-pc4q2fciwhrea78dab41i5xpmo3lmja6g1ybxtk9vk.png)\">\n\t\t\t\t\t<\/div>\n\t\t\t\t\t\t\t\t<\/div>\n\t\t\t\t\t\t\t\t\t\t\t<div class=\"swiper-slide\">\n\t\t\t\t\t\t\t\t\t<div class=\"elementor-carousel-image\" style=\"background-image: url(https:\/\/eitii.uniag.sk\/wp-content\/uploads\/elementor\/thumbs\/EIT-RM-1-pc4q2fciwhrea78dab41i5xpmo3lmja6g1ybxtk9vk.png)\">\n\t\t\t\t\t<\/div>\n\t\t\t\t\t\t\t\t<\/div>\n\t\t\t\t\t\t\t\t\t\t\t<div class=\"swiper-slide\">\n\t\t\t\t\t\t\t\t\t<div class=\"elementor-carousel-image\" style=\"background-image: url(https:\/\/eitii.uniag.sk\/wp-content\/uploads\/elementor\/thumbs\/EIT-Food-logo-1-pc4q2fciwhrea78dab41i5xpmo3lmja6g1ybxtk9vk.png)\">\n\t\t\t\t\t<\/div>\n\t\t\t\t\t\t\t\t<\/div>\n\t\t\t\t\t\t\t\t\t\t\t<div class=\"swiper-slide\">\n\t\t\t\t\t\t\t\t\t<div class=\"elementor-carousel-image\" style=\"background-image: url(https:\/\/eitii.uniag.sk\/wp-content\/uploads\/elementor\/thumbs\/Original-logo-without-background-horizontal-pc4q2fciwhrea78dab41i5xpmo3lmja6g1ybxtk9vk.jpg)\">\n\t\t\t\t\t<\/div>\n\t\t\t\t\t\t\t\t<\/div>\n\t\t\t\t\t\t\t\t\t\t\t<div class=\"swiper-slide\">\n\t\t\t\t\t\t\t\t\t<div class=\"elementor-carousel-image\" style=\"background-image: url(https:\/\/eitii.uniag.sk\/wp-content\/uploads\/elementor\/thumbs\/EIT-Health-Logo-3-png-pc4q2fciwhrea78dab41i5xpmo3lmja6g1ybxtk9vk.png)\">\n\t\t\t\t\t<\/div>\n\t\t\t\t\t\t\t\t<\/div>\n\t\t\t\t\t\t\t\t\t<\/div>\n\t\t\t\t\t\t\t\t\t\t\t\t\t\t\t<div class=\"swiper-pagination\"><\/div>\n\t\t\t\t\t\t\t\t\t\t\t\t\t\t\t\t<div class=\"elementor-swiper-button elementor-swiper-button-prev\">\n\t\t\t\t\t\t\t<i class=\"eicon-chevron-left\" aria-hidden=\"true\"><\/i>\n\t\t\t\t\t\t\t<span class=\"elementor-screen-only\">Previous<\/span>\n\t\t\t\t\t\t<\/div>\n\t\t\t\t\t\t<div class=\"elementor-swiper-button elementor-swiper-button-next\">\n\t\t\t\t\t\t\t<i class=\"eicon-chevron-right\" aria-hidden=\"true\"><\/i>\n\t\t\t\t\t\t\t<span class=\"elementor-screen-only\">Next<\/span>\n\t\t\t\t\t\t<\/div>\n\t\t\t\t\t\t\t\t\t\t\t\t<\/div>\n\t\t<\/div>\n\t\t\t\t<\/div>\n\t\t\t\t<\/div>\n\t\t\t\t\t\t<\/div>\n\t\t\t\t\t<\/div>\n\t\t<\/div>\n\t\t\t\t\t\t\t\t<\/div>\n\t\t\t\t\t<\/div>\n\t\t<\/section>\n\t\t\t\t\t\t<\/div>\n\t\t\t\t\t\t<\/div>\n\t\t\t\t\t<\/div>","protected":false},"excerpt":{"rendered":"<p>The European Institute of Innovation and Technology (EIT) is an EU body created by the European Union in 2008 to strengthen Europe\u2019s ability to innovate. The EIT is an integral part of Horizon 2020, the EU\u2019s Framework Programme for Research and Innovation. The Institute is a unique EU initiative that drives innovation across Europe by&hellip;<\/p>","protected":false},"author":1,"featured_media":0,"parent":0,"menu_order":0,"comment_status":"closed","ping_status":"closed","template":"","meta":[],"_links":{"self":[{"href":"https:\/\/eitii.uniag.sk\/sk\/wp-json\/wp\/v2\/pages\/2395"}],"collection":[{"href":"https:\/\/eitii.uniag.sk\/sk\/wp-json\/wp\/v2\/pages"}],"about":[{"href":"https:\/\/eitii.uniag.sk\/sk\/wp-json\/wp\/v2\/types\/page"}],"author":[{"embeddable":true,"href":"https:\/\/eitii.uniag.sk\/sk\/wp-json\/wp\/v2\/users\/1"}],"replies":[{"embeddable":true,"href":"https:\/\/eitii.uniag.sk\/sk\/wp-json\/wp\/v2\/comments?post=2395"}],"version-history":[{"count":24,"href":"https:\/\/eitii.uniag.sk\/sk\/wp-json\/wp\/v2\/pages\/2395\/revisions"}],"predecessor-version":[{"id":2473,"href":"https:\/\/eitii.uniag.sk\/sk\/wp-json\/wp\/v2\/pages\/2395\/revisions\/2473"}],"wp:attachment":[{"href":"https:\/\/eitii.uniag.sk\/sk\/wp-json\/wp\/v2\/media?parent=2395"}],"curies":[{"name":"wp","href":"https:\/\/api.w.org\/{rel}","templated":true}]}}